{"id":118,"date":"2019-02-12T13:55:07","date_gmt":"2019-02-12T12:55:07","guid":{"rendered":"http:\/\/biketrader.ch\/?page_id=118"},"modified":"2021-03-15T11:21:18","modified_gmt":"2021-03-15T10:21:18","slug":"datenschutzerklaerung","status":"publish","type":"page","link":"https:\/\/biketrader.ch\/?page_id=118","title":{"rendered":"Datenschutzerkl\u00e4rung"},"content":{"rendered":"\n<p><strong>1.Allgemeines<\/strong><\/p>\n\n\n\n<p>Vielen Dank f\u00fcr Ihr Interesse an der Website von biketrader.ch. Wir nehmen die Themen Datenschutz und Vertraulichkeit sehr ernst und folgen den geltenden nationalen und europ\u00e4ischen Datenschutzvorschriften. Deshalb setzen wir Sie mit dieser Erkl\u00e4rung \u00fcber Massnahmen zum Datenschutz in Kenntnis und informieren dar\u00fcber, welche Daten wir gegebenenfalls speichern und wie wir diese Daten verwenden.<\/p>\n\n\n\n<p><strong>2. Geltungsbereich<\/strong><\/p>\n\n\n\n<p>Diese Datenschutzerkl\u00e4rung gilt f\u00fcr alle digitalen biketrader.ch-Auftritte\u00a0wie Webseite, Newsletter, Social Media usw. F\u00fcr biketrader.ch-fremde Internetseiten, zu welchen von den biketrader.ch Websites ein Link besteht, wird keine Gew\u00e4hr f\u00fcr die Einhaltung der Datenschutzbestimmungen \u00fcbernommen.<\/p>\n\n\n\n<p><strong>3. Datenschutz &amp; Datensicherheit<\/strong><\/p>\n\n\n\n<p>Unsere Mitarbeitenden sind beim Umgang mit personenbezogenen Daten zu Vertraulichkeit verpflichtet. biketrader.ch betreibt sichere Datennetze, die den jeweils geltenden technischen Standards entsprechen. Es werden angemessene technische und organisatorische Vorkehrungen getroffen, um Ihre Daten gewissenhaft vor Verlust, Zerst\u00f6rung, Verf\u00e4lschung, Manipulation oder unberechtigtem Zugriff zu sch\u00fctzen.<\/p>\n\n\n\n<p><strong>4. Speicherung und Verwendung von Daten<\/strong><\/p>\n\n\n\n<p>Wir halten die Bestimmungen des schweizerischen Datenschutzgesetzes (DSG) und die EU-Datenschutzverordnung (DSGVO) \u2013 soweit anwendbar \u2013 ein. Pers\u00f6nliche Daten werden vertraulich behandelt und weder an Dritte verkauft noch weitergegeben. Als Besucher auf unserer Website bleiben Sie anonym. Die Daten, die wir speichern und analysieren, werden ausschliesslich zu statistischen Zwecken verwendet, damit wir unsere Angebote und Dienstleistungen kontinuierlich verbessern k\u00f6nnen.<\/p>\n\n\n\n<p>Zu den Daten, die wir auf unseren Servern speichern, geh\u00f6ren der Name Ihres Internet-Serviceanbieters, die Website, \u00fcber die Sie uns besuchen, die biketrader.ch-Webseiten, die Sie angesehen haben, Ihre IP-Adresse sowie Datum und Dauer Ihres Besuchs.<\/p>\n\n\n\n<p><em>Erhebung, Verarbeitung und Verwendung von personenbezogenen Daten<\/em><\/p>\n\n\n\n<p>Wir erheben und verarbeiten personenbezogene Daten nur, um Ihre gesch\u00e4tzten Auftr\u00e4ge auszuf\u00fchren und wir hierf\u00fcr Ihre Daten ben\u00f6tigen oder wenn Sie uns freiwillig Ihre ausdr\u00fcckliche Zustimmung dazu erteilt haben. Sie k\u00f6nnen dies beispielsweise im Rahmen einer Anmeldung tun, indem Sie ein entsprechendes Formular ausf\u00fcllen oder uns eine E-Mail senden, Produkte oder Dienstleistungen bestellen oder Anfragen an uns richten. Sofern keine anderslautenden gesetzlichen Verpflichtungen bestehen, verwenden wir Ihre pers\u00f6nlichen Daten nur zu den Zwecken, f\u00fcr die Sie Ihre Einwilligung erteilt haben.<\/p>\n\n\n\n<p><strong>5. Keine Weitergabe von personenbezogenen Daten<\/strong><\/p>\n\n\n\n<p>Ihre personenbezogenen Daten werden weder verkauft noch mit Dritten ausserhalb der biketrader.ch geteilt. Ihre pers\u00f6nlichen Daten werden von uns nur dann an Dritte weitergegeben, wenn dies f\u00fcr die Erbringung der von Ihnen angeforderten Auftragsabwicklung (z.B. Logistikunternehmen, Servicepartner usw.) erforderlich ist oder Sie uns Ihre Zustimmung dazu erteilt haben.<\/p>\n\n\n\n<p><strong>6. Cookies<\/strong><\/p>\n\n\n\n<p>In bestimmten F\u00e4llen setzen wir so genannte Cookies ein. Cookies dienen dazu, unser Angebot nutzerfreundlicher, effektiver und sicherer zu machen. Cookies sind kleine Textdateien, die auf Ihrem Rechner abgelegt werden und die Ihr Browser speichert. Die meisten der von uns verwendeten Cookies sind so genannte \u201eSession-Cookies\u201c. Sie werden nach Ende Ihres Besuchs automatisch gel\u00f6scht. Andere Cookies bleiben auf Ihrem Endger\u00e4t gespeichert, bis Sie diese l\u00f6schen. Diese Cookies erm\u00f6glichen es uns, Ihren Browser beim n\u00e4chsten Besuch wiederzuerkennen.<\/p>\n\n\n\n<p>Sie k\u00f6nnen Ihren Browser so einstellen, dass Sie \u00fcber das Setzen von Cookies informiert werden und Cookies nur im Einzelfall erlauben, die Annahme von Cookies f\u00fcr bestimmte F\u00e4lle oder generell ausschliessen sowie das automatische L\u00f6schen der Cookies beim Schliessen des Browsers aktivieren. Bei der Deaktivierung von Cookies kann die Funktionalit\u00e4t dieser Website eingeschr\u00e4nkt sein.<\/p>\n\n\n\n<p><strong>7. Aufbewahrung von Daten<\/strong><\/p>\n\n\n\n<p>Wir speichern Daten in der Schweiz und nur solange, wie dies gesetzlich notwendig oder zur Erbringung der von Ihnen angeforderten Leistungen erforderlich ist oder in einer entsprechenden Einwilligung festgelegt wurde.<\/p>\n\n\n\n<p><strong>8. Nutzung von Facebook-Plugins<\/strong><\/p>\n\n\n\n<p>Auf unseren Seiten sind Plugins des sozialen Netzwerks Facebook (1601 South California Avenue, Palo Alto, CA 94304, USA) integriert. Die Facebook-Plugins erkennen Sie an dem Facebook-Logo oder dem \u201cLike-Button\u201d (\u201cGef\u00e4llt mir\u201d) auf unserer Seite. Eine \u00dcbersicht \u00fcber die Facebook-Plugins finden Sie hier:&nbsp;http:\/\/developers.facebook.com\/docs\/plugins\/.&nbsp;<\/p>\n\n\n\n<p>Wenn Sie unsere Seiten besuchen, wird \u00fcber das Plugin eine direkte Verbindung zwischen Ihrem Browser und dem Facebook-Server hergestellt. Facebook erh\u00e4lt dadurch die Information, dass Sie mit Ihrer IP-Adresse unsere Seite besucht haben. Wenn Sie den Facebook \u201cLike-Button\u201d anklicken w\u00e4hrend Sie in Ihrem Facebook-Account eingeloggt sind, k\u00f6nnen Sie die Inhalte unserer Seiten auf Ihrem Facebook-Profil verlinken. Dadurch kann Facebook den Besuch unserer Seiten Ihrem Benutzerkonto zuordnen.<\/p>\n\n\n\n<p>Wir weisen darauf hin, dass wir als Anbieter der Seiten keine Kenntnis vom Inhalt der \u00fcbermittelten Daten sowie deren Nutzung durch Facebook erhalten. Weitere Informationen hierzu finden Sie in der Datenschutzerkl\u00e4rung von Facebook unter&nbsp;https:\/\/www.facebook.com\/privacy\/explanation.&nbsp;Wenn Sie nicht w\u00fcnschen, dass Facebook den Besuch unserer Seiten Ihrem Facebook-Nutzerkonto zuordnen kann, loggen Sie sich bitte aus Ihrem Facebook-Benutzerkonto aus.<\/p>\n\n\n\n<p><strong>9. Google Analytics<\/strong><\/p>\n\n\n\n<p>Diese Website benutzt Google Analytics, einen Webanalysedienst der Google Inc. (\u201eGoogle\u201c). Google Analytics verwendet sog. \u201eCookies\u201c, Textdateien, die auf Ihrem Computer gespeichert werden und die eine Analyse der Benutzung der Website durch Sie erm\u00f6glichen. Die durch die Cookies erzeugten Informationen \u00fcber Ihre Benutzung dieser Website werden in der Regel an einen Server von Google in den USA \u00fcbertragen und dort gespeichert.<\/p>\n\n\n\n<p>Im Falle der Aktivierung der IP-Anonymisierung auf dieser Webseite wird Ihre IP-Adresse von Google jedoch innerhalb von Mitgliedstaaten der Europ\u00e4ischen Union oder in anderen Vertragsstaaten des Abkommens \u00fcber den Europ\u00e4ischen Wirtschaftsraum zuvor gek\u00fcrzt. Nur in Ausnahmef\u00e4llen wird die volle IP-Adresse an einen Server von Google in den USA \u00fcbertragen und dort gek\u00fcrzt. Im Auftrag des Betreibers dieser Website wird Google diese Informationen benutzen, um Ihre Nutzung der Website auszuwerten, um Reports \u00fcber die Websiteaktivit\u00e4ten zusammenzustellen und um weitere mit der Websitenutzung und der Internetnutzung verbundene Dienstleistungen gegen\u00fcber dem Websitebetreiber zu erbringen. Die im Rahmen von Google Analytics von Ihrem Browser \u00fcbermittelte IP-Adresse wird nicht mit anderen Daten von Google zusammengef\u00fchrt.<\/p>\n\n\n\n<p>Sie k\u00f6nnen die Speicherung der Cookies durch eine entsprechende Einstellung Ihrer Browser-Software verhindern. Wir weisen Sie jedoch darauf hin, dass Sie in diesem Fall gegebenenfalls nicht s\u00e4mtliche Funktionen dieser Website vollumf\u00e4nglich nutzen k\u00f6nnen. Sie k\u00f6nnen dar\u00fcber hinaus die Erfassung der durch das Cookie erzeugten und auf Ihre Nutzung der Website bezogenen Daten (inkl. Ihrer IP-Adresse) an Google sowie die Verarbeitung dieser Daten durch Google verhindern, indem Sie das unter dem folgenden Link (http:\/\/tools.google.com\/dlpage\/gaoptout?hl=de) verf\u00fcgbare Browser-Plugin herunterladen und installieren.<\/p>\n\n\n\n<p>Weitere Informationen finden Sie unter: bzw. unter&nbsp;http:\/\/www.google.com\/analytics\/learn\/privacy.html.<\/p>\n\n\n\n<p><strong>10. Google Fonts<\/strong><\/p>\n\n\n\n<p>Auf dieser Website werden Google Fonts genutzt. Gem\u00e4ss unserem Wissen werden dabei keine pers\u00f6nlichen Daten durch Google gespeichert. Daf\u00fcr muss aber aus technischen Gr\u00fcnden Ihre IP-Adresse an Google \u00fcbermittelt werden, damit die Schriftarten an Ihren Browser \u00fcbertragen werden k\u00f6nnen. Mehr Informationen von Google zu Google Fonts k\u00f6nnen Sie&nbsp;hier einsehen.<\/p>\n\n\n\n<p><strong>11<\/strong>.&nbsp;<strong>Google Maps<\/strong><\/p>\n\n\n\n<p>Diese Webseite benutzt Google&nbsp;Maps&nbsp;API, einen Kartendienst der&nbsp;Google&nbsp;Inc. zur Darstellung einer interaktiven Karte.<\/p>\n\n\n\n<p>Durch die Nutzung von&nbsp;GoogleMaps&nbsp;k\u00f6nnen Informationen \u00fcber Ihre Benutzung dieser Website (einschliesslich Ihrer&nbsp;IP-Adresse) an einen&nbsp;Server von&nbsp;Google&nbsp;in den&nbsp;USA&nbsp;\u00fcbertragen und dort gespeichert werden.<\/p>\n\n\n\n<p>Google&nbsp;wird die durch&nbsp;Analytics&nbsp;&amp;&nbsp;Maps&nbsp;gewonnenen Informationen gegebenenfalls an Dritte \u00fcbertragen, sofern dies gesetzlich vorgeschrieben ist oder soweit Dritte diese Daten im Auftrag von&nbsp;Google&nbsp;verarbeiten.&nbsp;Google&nbsp;wird in keinem Fall Ihre&nbsp;IP-Adresse mit anderen Daten von&nbsp;Google&nbsp;in Verbindung bringen. Trotzdem w\u00e4re es technisch m\u00f6glich, dass&nbsp;Google&nbsp;aufgrund der erhaltenen Daten eine Identifizierung zumindest einzelner Nutzenden vornehmen k\u00f6nnte. Es w\u00e4re m\u00f6glich, dass personenbezogene Daten und Pers\u00f6nlichkeitsprofile von Nutzern der&nbsp;Website&nbsp;von&nbsp;Google&nbsp;f\u00fcr andere Zwecke verarbeitet werden k\u00f6nnten, auf welche wir keinen Einfluss haben und haben k\u00f6nnen.<\/p>\n\n\n\n<p>Dies und die Tatsache, dass Daten in die&nbsp;USA&nbsp;\u00fcbermittelt werden, ist aus datenschutzrechtlichen Gr\u00fcnden problematisch.&nbsp;Sie haben die M\u00f6glichkeit, den&nbsp;Service&nbsp;von&nbsp;Google&nbsp;Maps&nbsp;auf einfache Art und Weise zu deaktivieren und somit den Datentransfer an Google zu verhindern. Deaktivieren Sie dazu&nbsp;JavaScript&nbsp;in Ihrem&nbsp;Browser. Wir weisen Sie jedoch darauf hin, dass Sie in diesem Fall die Kartenanzeige nicht nutzen k\u00f6nnen.<\/p>\n\n\n\n<p>Durch die Nutzung dieser&nbsp;Website&nbsp;und das Nichtdeaktivieren der&nbsp;JavaScript-Funktion erkl\u00e4ren Sie ausdr\u00fccklich in Kenntnis der datenschutzrechtlichen Problematik, dass Sie mit der Bearbeitung der \u00fcber Sie erhobenen Daten durch&nbsp;Google&nbsp;in der zuvor beschriebenen Art und Weise und zu dem zuvor benannten Zweck einverstanden sind.&nbsp;<a href=\"https:\/\/policies.google.com\/privacy?hl=de\">Hier&nbsp;<\/a>geht es zur Datenschutzerkl\u00e4rung von&nbsp;Google<\/p>\n\n\n\n<p><strong>12. Hosting Provider &amp; Server Log Files<\/strong><\/p>\n\n\n\n<p>Der Provider der Seiten erhebt und speichert automatisch Informationen in so genannten Server-Log Files, die Ihr Browser automatisch an uns \u00fcbermittelt. Dies sind:<\/p>\n\n\n\n<p>\u2022 &nbsp;IP-Adresse<\/p>\n\n\n\n<p>\u2022 &nbsp;Browsertyp und Browserversion<\/p>\n\n\n\n<p>\u2022 &nbsp;verwendetes Betriebssystem<\/p>\n\n\n\n<p>\u2022 &nbsp;Referrer URL<\/p>\n\n\n\n<p>\u2022 &nbsp;Hostname des zugreifenden Rechners<\/p>\n\n\n\n<p>\u2022 &nbsp;Uhrzeit der Serveranfrage<\/p>\n\n\n\n<p>Diese Daten sind nicht direkt bestimmten Personen zuordenbar. Eine Zusammenf\u00fchrung dieser Daten mit anderen Datenquellen wird nicht vorgenommen. Wir behalten uns vor, diese Daten nachtr\u00e4glich zu pr\u00fcfen, wenn uns konkrete Anhaltspunkte f\u00fcr eine rechtswidrige Nutzung bekannt werden. Diese Daten sowie alle Daten dieser Website werden bei unserem Hosting-Provider Kreativ Media GmbH H\u00f6schgasse 45 CH-8008 Z\u00fcrich gespeichert, deren Datenschutzerkl\u00e4rung Sie\u00a0<a href=\"https:\/\/www.glarotech.ch\/datenschutzerklaerung\/\" target=\"_blank\" rel=\"noreferrer noopener\">hier\u00a0<\/a>finden.<\/p>\n\n\n\n<p><strong>13. SSL Verschl\u00fcsselung<\/strong><\/p>\n\n\n\n<p>Diese Seite nutzt aus Gr\u00fcnden der Sicherheit und zum Schutz der \u00dcbertragung vertraulicher Inhalte, wie zum Beispiel der Anfragen, die Sie an uns als Seitenbetreiber senden, eine SSL-Verschl\u00fcsselung. Eine verschl\u00fcsselte Verbindung erkennen Sie daran, dass die Adresszeile des Browsers von \u201ehttp:\/\/\u201c auf \u201ehttps:\/\/\u201c wechselt und an dem Schloss-Symbol in Ihrer Browserzeile.&nbsp;Wenn die SSL Verschl\u00fcsselung aktiviert ist, k\u00f6nnen die Daten, die Sie an uns \u00fcbermitteln, nicht von Dritten mitgelesen werden.<\/p>\n\n\n\n<p><strong>14. Kontaktformular<\/strong><\/p>\n\n\n\n<p>Wenn Sie uns per Kontaktformular Anfragen schicken, werden Ihre Angaben aus dem Anfrageformular inklusive der von Ihnen dort angegebenen Kontaktdaten inklusive IP-Adresse zwecks Bearbeitung der Anfrage und f\u00fcr den Fall von Anschlussfragen bei uns gespeichert. Diese Daten werden ohne Ihre Einwilligung nicht weitergegeben.<\/p>\n\n\n\n<p><strong>15. Recht auf Auskunft, Sperrung und Widerruf<\/strong><\/p>\n\n\n\n<p>Sie haben das Recht, Ihre von uns gespeicherten personenbezogenen Daten einzusehen, zu korrigieren, zu sperren oder zu l\u00f6schen. Ausserdem k\u00f6nnen Sie Ihre Zustimmung zur k\u00fcnftigen Verwendung Ihrer Daten widerrufen. Hierzu sowie zu weiteren Fragen zum Thema personenbezogene Daten k\u00f6nnen Sie sich jederzeit unter der im Impressum angegebenen Adresse an uns wenden.<\/p>\n\n\n\n<p><strong>16. Recht auf L\u00f6schung Ihrer personenbezogenen Daten<\/strong><\/p>\n\n\n\n<p>Sollte die Bearbeitung Ihrer personenbezogenen Daten nicht mehr notwendig sein, weil Sie beispielsweise die Kundenbeziehung gewechselt haben oder mit deren Bearbeitung nicht mehr einverstanden sind, d\u00fcrfen Sie deren L\u00f6schung verlangen. Wir werden Ihre pers\u00f6nlichen Daten l\u00f6schen, vorausgesetzt, dass keine anderweitige, insbesondere gesetzliche Verpflichtung besteht, diese f\u00fcr eine l\u00e4ngere Zeit aufzubewahren.<\/p>\n\n\n\n<p><strong>17. \u00c4nderung dieser Datenschutzerkl\u00e4rung<\/strong><\/p>\n\n\n\n<p>\u00c4nderungen dieser Datenschutzerkl\u00e4rung durch die biketrader.ch k\u00f6nnen jederzeit erfolgen. Bitte konsultieren Sie regelm\u00e4ssig diese Erkl\u00e4rung.<\/p>\n\n\n\n<p><strong>18. Rechtsgrundlage<\/strong><\/p>\n\n\n\n<p>Bei der Bearbeitung Ihrer personenbezogenen Daten ber\u00fccksichtigen wir nicht nur das Schweizer Datenschutzgesetz und seine Verordnung, sondern \u2013 wenn anwendbar \u2013 auch die Datenschutzgrundverordnung der Europ\u00e4ischen Union (Art. 1-14 DSG und VDSG Art.1-2, EU-DSGVO).<\/p>\n\n\n\n<p><strong>19. Fragen zum Datenschutz und Kontaktinformationen<\/strong><\/p>\n\n\n\n<p>biketrader.ch &#8211; Matthias Haussener, Eggenstrasse 16, 3663 Gurzelen<\/p>\n\n\n\n<p>E-Mail: info@biketrader.ch<\/p>\n\n\n\n<p>Letzte Aktualisierung: 01.01.2021<\/p>\n\n\n\n<p><\/p>\n","protected":false},"excerpt":{"rendered":"<p>1.Allgemeines Vielen Dank f\u00fcr Ihr Interesse an der Website von biketrader.ch. Wir nehmen die Themen Datenschutz und Vertraulichkeit sehr ernst und folgen den geltenden nationalen und europ\u00e4ischen Datenschutzvorschriften. Deshalb setzen wir Sie mit dieser Erkl\u00e4rung \u00fcber Massnahmen zum Datenschutz in Kenntnis und informieren dar\u00fcber, welche Daten wir gegebenenfalls speichern und wie wir diese Daten verwenden. &hellip; <\/p>\n<p class=\"link-more\"><a href=\"https:\/\/biketrader.ch\/?page_id=118\" class=\"more-link\"><span class=\"screen-reader-text\">\u201eDatenschutzerkl\u00e4rung\u201c<\/span> weiterlesen<\/a><\/p>\n","protected":false},"author":1,"featured_media":0,"parent":0,"menu_order":0,"comment_status":"closed","ping_status":"closed","template":"","meta":{"footnotes":""},"class_list":["post-118","page","type-page","status-publish","hentry"],"_links":{"self":[{"href":"https:\/\/biketrader.ch\/index.php?rest_route=\/wp\/v2\/pages\/118","targetHints":{"allow":["GET"]}}],"collection":[{"href":"https:\/\/biketrader.ch\/index.php?rest_route=\/wp\/v2\/pages"}],"about":[{"href":"https:\/\/biketrader.ch\/index.php?rest_route=\/wp\/v2\/types\/page"}],"author":[{"embeddable":true,"href":"https:\/\/biketrader.ch\/index.php?rest_route=\/wp\/v2\/users\/1"}],"replies":[{"embeddable":true,"href":"https:\/\/biketrader.ch\/index.php?rest_route=%2Fwp%2Fv2%2Fcomments&post=118"}],"version-history":[{"count":5,"href":"https:\/\/biketrader.ch\/index.php?rest_route=\/wp\/v2\/pages\/118\/revisions"}],"predecessor-version":[{"id":329,"href":"https:\/\/biketrader.ch\/index.php?rest_route=\/wp\/v2\/pages\/118\/revisions\/329"}],"wp:attachment":[{"href":"https:\/\/biketrader.ch\/index.php?rest_route=%2Fwp%2Fv2%2Fmedia&parent=118"}],"curies":[{"name":"wp","href":"https:\/\/api.w.org\/{rel}","templated":true}]}}