{"id":169,"date":"2020-01-28T13:14:41","date_gmt":"2020-01-28T12:14:41","guid":{"rendered":"http:\/\/biketrader.ch\/?page_id=169"},"modified":"2020-01-28T13:14:41","modified_gmt":"2020-01-28T12:14:41","slug":"matafix-titan-customprogramm-by-biketrader","status":"publish","type":"page","link":"https:\/\/biketrader.ch\/?page_id=169","title":{"rendered":"MATaFIX &#8211; TITAN Customprogramm by BIKETRADER"},"content":{"rendered":"\n<p>Bevorzugen Sie es edel und exklusiv? Fahren Sie lieber Maserati statt Audi A4? Dann haben wir f\u00fcr Sie genau das richtige. Lassen Sie sich einen Titanrahmen, abgestimmt auf Ihre Gr\u00f6sse, Ihr Gewicht und Ihre Bed\u00fcrfnisse fertigen. Ein MATaFIX Titanrahmen ist die Basis f\u00fcr ein Rad, das nichts krumm nimmt und dem nichts zu viel wird. Auf das Sie sich verlassen k\u00f6nnen wie auf ihren allerbesten Freund, egal wie viel Sie auch von ihm verlangen. Wir unterst\u00fctzen Sie beginnend bei der Auswahl des Rahmenmodells, \u00fcber die Komponentenauswahl bis hin zur Montage der Schuhplatten f\u00fcr Ihre Pedalen. Jedes Bike ist ein absolut zeitloses Unikat.<\/p>\n\n\n\n<blockquote class=\"wp-block-quote is-layout-flow wp-block-quote-is-layout-flow\"><p>Wenn das einzige Titan in Ihrem Besitz als Schmuck um den Hals Ihrer Frau h\u00e4ngt, dann wird es Zeit f\u00fcr einen Titanrahmen von MATaFIX!<\/p><\/blockquote>\n\n\n\n<figure class=\"wp-block-image size-large\"><img loading=\"lazy\" decoding=\"async\" width=\"800\" height=\"450\" src=\"https:\/\/biketrader.ch\/wp-content\/uploads\/2014\/05\/matafix_biketrader.jpg\" alt=\"\" class=\"wp-image-63\" srcset=\"https:\/\/biketrader.ch\/wp-content\/uploads\/2014\/05\/matafix_biketrader.jpg 800w, https:\/\/biketrader.ch\/wp-content\/uploads\/2014\/05\/matafix_biketrader-300x168.jpg 300w\" sizes=\"auto, (max-width: 767px) 89vw, (max-width: 1000px) 54vw, (max-width: 1071px) 543px, 580px\" \/><\/figure>\n\n\n\n<p>Achtung! Das MATaFIX Custom Programm hat kein Rahmenlager.<br>S\u00e4mtliche Rahmen werden Just-in-time produziert.<br>Die Lieferfrist kann daher etwas l\u00e4nger ausfallen.<\/p>\n\n\n\n<p>Modell\u00fcbersicht: <\/p>\n\n\n\n<p><strong>MATaFIX 29 &#8211; Das 29er Hardtail<\/strong><\/p>\n\n\n\n<p>Die Idee hinter dem MATaFIX 29 Titanrahmen ist, dass m\u00f6glichst viele Einsatzzwecke abgedeckt werden k\u00f6nnen ohne Kompromisse eingehen zu m\u00fcssen. Daher verf\u00fcgt der Rahmen \u00fcber aktuelle Standards wie Tapered Steuerrohr und Postmount Bremsaufnahmen. Der Rahmen soll mit langen Gabeln bis 120mm fertig werden aber auch CC Gabeln aufnehmen k\u00f6nnen. Der Hinterbau soll breiten Reifen bis 2.3 Zoll Platz bieten und gleichzeitig m\u00f6glichst kurze Kettenstreben aufweisen. Schliesslich &#8211; und das war uns sehr wichtig, denn es ist ja ein Titanrahmen &#8211; soll der Rahmen, egal welches Setup gew\u00e4hlt wird, extrem clean und sch\u00f6n aussehen. Daf\u00fcr haben wir alle Kabel auf die Unterseite des Oberrohrs verbannt.<\/p>\n\n\n\n<p>Nat\u00fcrlich kann das Bike auch mit Wunschkomponenten aufgebaut werden.<\/p>\n\n\n\n<p><strong>MATaFIX 29+ &#8211; Darf es ein bisschen mehr&nbsp;Hardtail sein?<\/strong><\/p>\n\n\n\n<p>Breit, nicht fett: Das MATaFIX 29+ ist ein sogenanntes 29+ Modell, also ein fettbereifter 29er mit edlem Titanrahmen und Wahlweise mit Starr- oder Federgabel. Im Vergleich zur wirklich \u00e4usserst breitbesohlten Fatbike Verwandtschaft kommt es 29&nbsp; x 3\u201d Schlappen daher. 29+ ist nochmal eine andere Welt: Mann kann die Geschwindigkeit auch auf ruppigen Trails deutlich h\u00f6her halten und die Traktion ist verbl\u00fcffend hoch. Erstaunlich ist auch, dass selbst auf Asphalt der Rollwiderstand vollkommen in Ordnung geht.<\/p>\n\n\n\n<p>Nat\u00fcrlich kann das Bike auch mit Wunschkomponenten aufgebaut werden.<\/p>\n\n\n\n<p><strong>MATaFIX <em>heavy<\/em> &#8211;<\/strong> <strong>Eine Titan-Fatbike zum Spass <\/strong><strong>haben!<\/strong><\/p>\n\n\n\n<p>Fatbikes sind der grosse Trend in den USA. Wir haben ein Fatbike getestet und das L\u00e4cheln nicht wieder von unserem Gesicht heruntergebracht. Daher haben wir uns entschieden, ein Custom Fatbike anzubieten. Fatbikes &#8211; R\u00e4der, die auf grossem Fusse leben und wirklich \u00fcberall durchkommen. Urspr\u00fcnglich als Snowbike designt, wurde es auch bald f\u00fcr Fahrten am Strand oder f\u00fcr sehr unwegsames Gel\u00e4nde eingesetzt. Der Fatbikerahmen wird analog zum MATaFIX 29 gefertigt, besitzt jedoch eine spezifische Fatbike-Geometrie.<\/p>\n\n\n\n<p>Nat\u00fcrlich kann das Bike auch mit Wunschkomponenten aufgebaut werden.<\/p>\n","protected":false},"excerpt":{"rendered":"<p>Bevorzugen Sie es edel und exklusiv? Fahren Sie lieber Maserati statt Audi A4? Dann haben wir f\u00fcr Sie genau das richtige. Lassen Sie sich einen Titanrahmen, abgestimmt auf Ihre Gr\u00f6sse, Ihr Gewicht und Ihre Bed\u00fcrfnisse fertigen. Ein MATaFIX Titanrahmen ist die Basis f\u00fcr ein Rad, das nichts krumm nimmt und dem nichts zu viel wird. &hellip; <\/p>\n<p class=\"link-more\"><a href=\"https:\/\/biketrader.ch\/?page_id=169\" class=\"more-link\"><span class=\"screen-reader-text\">\u201eMATaFIX &#8211; TITAN Customprogramm by BIKETRADER\u201c<\/span> weiterlesen<\/a><\/p>\n","protected":false},"author":1,"featured_media":0,"parent":0,"menu_order":0,"comment_status":"closed","ping_status":"closed","template":"","meta":{"footnotes":""},"class_list":["post-169","page","type-page","status-publish","hentry"],"_links":{"self":[{"href":"https:\/\/biketrader.ch\/index.php?rest_route=\/wp\/v2\/pages\/169","targetHints":{"allow":["GET"]}}],"collection":[{"href":"https:\/\/biketrader.ch\/index.php?rest_route=\/wp\/v2\/pages"}],"about":[{"href":"https:\/\/biketrader.ch\/index.php?rest_route=\/wp\/v2\/types\/page"}],"author":[{"embeddable":true,"href":"https:\/\/biketrader.ch\/index.php?rest_route=\/wp\/v2\/users\/1"}],"replies":[{"embeddable":true,"href":"https:\/\/biketrader.ch\/index.php?rest_route=%2Fwp%2Fv2%2Fcomments&post=169"}],"version-history":[{"count":2,"href":"https:\/\/biketrader.ch\/index.php?rest_route=\/wp\/v2\/pages\/169\/revisions"}],"predecessor-version":[{"id":171,"href":"https:\/\/biketrader.ch\/index.php?rest_route=\/wp\/v2\/pages\/169\/revisions\/171"}],"wp:attachment":[{"href":"https:\/\/biketrader.ch\/index.php?rest_route=%2Fwp%2Fv2%2Fmedia&parent=169"}],"curies":[{"name":"wp","href":"https:\/\/api.w.org\/{rel}","templated":true}]}}